{"id":509,"date":"2014-02-20T10:02:54","date_gmt":"2014-02-20T15:02:54","guid":{"rendered":"http:\/\/equipepb.b.aliquando.immo\/?page_id=509"},"modified":"2018-01-18T11:47:36","modified_gmt":"2018-01-18T16:47:36","slug":"comment-choisir-un-courtier-immobilier","status":"publish","type":"page","link":"https:\/\/courtiersimmobiliersrivenord.ca\/en\/vendre-2\/comment-choisir-un-courtier-immobilier\/","title":{"rendered":"How to choose a real estate broker"},"content":{"rendered":"<p><\/p>\n<h2>10 Questions You Must Ask When Interviewing an Agent<\/h2>\n<p>Not all real estate agents are the same. If you decide to seek the help of an agent when selling or buying your home, you need some good information before you make any moves.<\/p>\n<p>Picking the right agent is one of those critical issues that can cost or save you thousands of dollars. There are very specific questions you should be asking to ensure that you get the best representation for your needs. Many agents would prefer that you don&#8217;t ask these questions, because the knowledge you&#8217;ll gain from their honest answers will give you a very good idea about what outcome you can expect from using this agent. And let&#8217;s face it &#8211; in real estate, as in life &#8211; not all things are created equal.<\/p>\n<p>Hiring a real estate agent is just like any hiring process &#8211; with you on the boss\u2019s side of the desk. It&#8217;s critical that you make the right decision about who will handle what is probably the single largest financial investment you will ever make.<\/p>\n<p>To help homeowners do a better job of choosing an agent to represent them, industry experts have prepared a special report entitled, &#8217;10 Questions You Must Ask When Interviewing an Agent.&#8217; This report identifies ten critical questions that will help you make an accurate prediction of how good of a job an agent is doing.<\/p>\n<p>Please complete and \u201cSubmit\u201d the following form to receive this free report today!<\/p>","protected":false},"excerpt":{"rendered":"<p>10 Questions You Must Ask When Interviewing an Agent Not all real estate agents are the same. If you decide to seek the help of an agent when selling or buying your home, you need some good information before you make any moves. Picking the right agent is one of those critical issues that can [&hellip;]<\/p>\n","protected":false},"author":121,"featured_media":0,"parent":15,"menu_order":0,"comment_status":"open","ping_status":"open","template":"","meta":{"_acf_changed":false,"footnotes":""},"class_list":["post-509","page","type-page","status-publish","hentry"],"acf":[],"yoast_head":"<!-- This site is optimized with the Yoast SEO plugin v26.7 - https:\/\/yoast.com\/wordpress\/plugins\/seo\/ -->\n<title>How to choose a real estate broker | \u00c9quipe Pierre &amp; Beverly<\/title>\n<meta name=\"robots\" content=\"index, follow, max-snippet:-1, max-image-preview:large, max-video-preview:-1\" \/>\n<link rel=\"canonical\" href=\"https:\/\/courtiersimmobiliersrivenord.ca\/vendre-2\/comment-choisir-un-courtier-immobilier\/\" \/>\n<meta property=\"og:locale\" content=\"en_US\" \/>\n<meta property=\"og:type\" content=\"article\" \/>\n<meta property=\"og:title\" content=\"How to choose a real estate broker | \u00c9quipe Pierre &amp; Beverly\" \/>\n<meta property=\"og:description\" content=\"10 Questions You Must Ask When Interviewing an Agent Not all real estate agents are the same. If you decide to seek the help of an agent when selling or buying your home, you need some good information before you make any moves. Picking the right agent is one of those critical issues that can [&hellip;]\" \/>\n<meta property=\"og:url\" content=\"https:\/\/courtiersimmobiliersrivenord.ca\/vendre-2\/comment-choisir-un-courtier-immobilier\/\" \/>\n<meta property=\"og:site_name\" content=\"\u00c9quipe Pierre &amp; Beverly\" \/>\n<meta property=\"article:publisher\" content=\"https:\/\/www.facebook.com\/equipepierreetbeverly\" \/>\n<meta property=\"article:modified_time\" content=\"2018-01-18T16:47:36+00:00\" \/>\n<meta property=\"og:image\" content=\"https:\/\/courtiersimmobiliersrivenord.ca\/files\/2023\/08\/header_kamelo2022.jpg\" \/>\n<meta name=\"twitter:card\" content=\"summary_large_image\" \/>\n<meta name=\"twitter:image\" content=\"https:\/\/courtiersimmobiliersrivenord.ca\/files\/2023\/08\/header_kamelo2022.jpg\" \/>\n<meta name=\"twitter:site\" content=\"@Pierre_Beverly\" \/>\n<meta name=\"twitter:label1\" content=\"Est. reading time\" \/>\n\t<meta name=\"twitter:data1\" content=\"3 minutes\" \/>\n<!-- \/ Yoast SEO plugin. -->","yoast_head_json":{"title":"How to choose a real estate broker | \u00c9quipe Pierre &amp; Beverly","robots":{"index":"index","follow":"follow","max-snippet":"max-snippet:-1","max-image-preview":"max-image-preview:large","max-video-preview":"max-video-preview:-1"},"canonical":"https:\/\/courtiersimmobiliersrivenord.ca\/vendre-2\/comment-choisir-un-courtier-immobilier\/","og_locale":"en_US","og_type":"article","og_title":"How to choose a real estate broker | \u00c9quipe Pierre &amp; Beverly","og_description":"10 Questions You Must Ask When Interviewing an Agent Not all real estate agents are the same. If you decide to seek the help of an agent when selling or buying your home, you need some good information before you make any moves. Picking the right agent is one of those critical issues that can [&hellip;]","og_url":"https:\/\/courtiersimmobiliersrivenord.ca\/vendre-2\/comment-choisir-un-courtier-immobilier\/","og_site_name":"\u00c9quipe Pierre &amp; Beverly","article_publisher":"https:\/\/www.facebook.com\/equipepierreetbeverly","article_modified_time":"2018-01-18T16:47:36+00:00","og_image":[{"url":"https:\/\/courtiersimmobiliersrivenord.ca\/files\/2023\/08\/header_kamelo2022.jpg","type":"","width":"","height":""}],"twitter_card":"summary_large_image","twitter_image":"https:\/\/courtiersimmobiliersrivenord.ca\/files\/2023\/08\/header_kamelo2022.jpg","twitter_site":"@Pierre_Beverly","twitter_misc":{"Est. reading time":"3 minutes"},"schema":{"@context":"https:\/\/schema.org","@graph":[{"@type":"WebPage","@id":"https:\/\/courtiersimmobiliersrivenord.ca\/vendre-2\/comment-choisir-un-courtier-immobilier\/","url":"https:\/\/courtiersimmobiliersrivenord.ca\/vendre-2\/comment-choisir-un-courtier-immobilier\/","name":"[:fr]Comment choisir un courtier immobilier[:en]How to choose a real estate broker[:] | \u00c9quipe Pierre &amp; Beverly","isPartOf":{"@id":"http:\/\/courtiersimmobiliersrivenord.ca\/#website"},"datePublished":"2014-02-20T15:02:54+00:00","dateModified":"2018-01-18T16:47:36+00:00","breadcrumb":{"@id":"https:\/\/courtiersimmobiliersrivenord.ca\/vendre-2\/comment-choisir-un-courtier-immobilier\/#breadcrumb"},"inLanguage":"en-US","potentialAction":[{"@type":"ReadAction","target":["https:\/\/courtiersimmobiliersrivenord.ca\/vendre-2\/comment-choisir-un-courtier-immobilier\/"]}]},{"@type":"BreadcrumbList","@id":"https:\/\/courtiersimmobiliersrivenord.ca\/vendre-2\/comment-choisir-un-courtier-immobilier\/#breadcrumb","itemListElement":[{"@type":"ListItem","position":1,"name":"Accueil","item":"http:\/\/courtiersimmobiliersrivenord.ca\/"},{"@type":"ListItem","position":2,"name":"SELLERS","item":"https:\/\/courtiersimmobiliersrivenord.ca\/en\/vendre-2\/"},{"@type":"ListItem","position":3,"name":"Comment choisir un courtier immobilier"}]},{"@type":"WebSite","@id":"http:\/\/courtiersimmobiliersrivenord.ca\/#website","url":"http:\/\/courtiersimmobiliersrivenord.ca\/","name":"\u00c9quipe Pierre &amp; Beverly","description":"Votre transaction immobili\u00e8re est garantie et prot\u00e9g\u00e9e avec nous! *","potentialAction":[{"@type":"SearchAction","target":{"@type":"EntryPoint","urlTemplate":"http:\/\/courtiersimmobiliersrivenord.ca\/?s={search_term_string}"},"query-input":{"@type":"PropertyValueSpecification","valueRequired":true,"valueName":"search_term_string"}}],"inLanguage":"en-US"}]}},"_links":{"self":[{"href":"https:\/\/courtiersimmobiliersrivenord.ca\/en\/wp-json\/wp\/v2\/pages\/509","targetHints":{"allow":["GET"]}}],"collection":[{"href":"https:\/\/courtiersimmobiliersrivenord.ca\/en\/wp-json\/wp\/v2\/pages"}],"about":[{"href":"https:\/\/courtiersimmobiliersrivenord.ca\/en\/wp-json\/wp\/v2\/types\/page"}],"author":[{"embeddable":true,"href":"https:\/\/courtiersimmobiliersrivenord.ca\/en\/wp-json\/wp\/v2\/users\/121"}],"replies":[{"embeddable":true,"href":"https:\/\/courtiersimmobiliersrivenord.ca\/en\/wp-json\/wp\/v2\/comments?post=509"}],"version-history":[{"count":1,"href":"https:\/\/courtiersimmobiliersrivenord.ca\/en\/wp-json\/wp\/v2\/pages\/509\/revisions"}],"predecessor-version":[{"id":732,"href":"https:\/\/courtiersimmobiliersrivenord.ca\/en\/wp-json\/wp\/v2\/pages\/509\/revisions\/732"}],"up":[{"embeddable":true,"href":"https:\/\/courtiersimmobiliersrivenord.ca\/en\/wp-json\/wp\/v2\/pages\/15"}],"wp:attachment":[{"href":"https:\/\/courtiersimmobiliersrivenord.ca\/en\/wp-json\/wp\/v2\/media?parent=509"}],"curies":[{"name":"wp","href":"https:\/\/api.w.org\/{rel}","templated":true}]}}