{"id":491,"date":"2014-02-19T15:44:14","date_gmt":"2014-02-19T20:44:14","guid":{"rendered":"http:\/\/equipepb.b.aliquando.immo\/?page_id=491"},"modified":"2021-10-26T09:57:04","modified_gmt":"2021-10-26T13:57:04","slug":"que-vaut-votre-propriete","status":"publish","type":"page","link":"https:\/\/courtiersimmobiliersrivenord.ca\/en\/vendre-2\/que-vaut-votre-propriete\/","title":{"rendered":"FREE quick home Estimate"},"content":{"rendered":"<p><\/p>\n<h2>FREE quick home Estimate<\/h2>\n<p>Find out what your home is really worth!<\/p>\n<p>If you are thinking of selling your home, knowing what your home is worth is an important factor to consider.<\/p>\n<p>By providing your address and a brief description of your home, our system will conduct a thorough comparative market analysis by searching the database for similar homes listed or sold in your area.<\/p>\n<p>With this current market data, you will be able to determine what your home might sell for if you decided to put it on the market.<\/p>\n<p><strong>There is no cost or obligation for this valuable service. <\/strong><\/p>\n<p>For your FREE Home Evaluation, please provide the information requested below:<\/p>","protected":false},"excerpt":{"rendered":"<p>FREE quick home Estimate Find out what your home is really worth! If you are thinking of selling your home, knowing what your home is worth is an important factor to consider. By providing your address and a brief description of your home, our system will conduct a thorough comparative market analysis by searching the [&hellip;]<\/p>\n","protected":false},"author":121,"featured_media":0,"parent":15,"menu_order":0,"comment_status":"open","ping_status":"open","template":"page-fullwidth.php","meta":{"_acf_changed":false,"footnotes":""},"class_list":["post-491","page","type-page","status-publish","hentry"],"acf":[],"yoast_head":"<!-- This site is optimized with the Yoast SEO plugin v26.7 - https:\/\/yoast.com\/wordpress\/plugins\/seo\/ -->\n<title>FREE quick home Estimate | \u00c9quipe Pierre &amp; Beverly<\/title>\n<meta name=\"robots\" content=\"index, follow, max-snippet:-1, max-image-preview:large, max-video-preview:-1\" \/>\n<link rel=\"canonical\" href=\"https:\/\/courtiersimmobiliersrivenord.ca\/vendre-2\/que-vaut-votre-propriete\/\" \/>\n<meta property=\"og:locale\" content=\"en_US\" \/>\n<meta property=\"og:type\" content=\"article\" \/>\n<meta property=\"og:title\" content=\"FREE quick home Estimate | \u00c9quipe Pierre &amp; Beverly\" \/>\n<meta property=\"og:description\" content=\"FREE quick home Estimate Find out what your home is really worth! If you are thinking of selling your home, knowing what your home is worth is an important factor to consider. By providing your address and a brief description of your home, our system will conduct a thorough comparative market analysis by searching the [&hellip;]\" \/>\n<meta property=\"og:url\" content=\"https:\/\/courtiersimmobiliersrivenord.ca\/vendre-2\/que-vaut-votre-propriete\/\" \/>\n<meta property=\"og:site_name\" content=\"\u00c9quipe Pierre &amp; Beverly\" \/>\n<meta property=\"article:publisher\" content=\"https:\/\/www.facebook.com\/equipepierreetbeverly\" \/>\n<meta property=\"article:modified_time\" content=\"2021-10-26T13:57:04+00:00\" \/>\n<meta property=\"og:image\" content=\"https:\/\/courtiersimmobiliersrivenord.ca\/files\/2023\/08\/header_kamelo2022.jpg\" \/>\n<meta name=\"twitter:card\" content=\"summary_large_image\" \/>\n<meta name=\"twitter:image\" content=\"https:\/\/courtiersimmobiliersrivenord.ca\/files\/2023\/08\/header_kamelo2022.jpg\" \/>\n<meta name=\"twitter:site\" content=\"@Pierre_Beverly\" \/>\n<meta name=\"twitter:label1\" content=\"Est. reading time\" \/>\n\t<meta name=\"twitter:data1\" content=\"1 minute\" \/>\n<!-- \/ Yoast SEO plugin. -->","yoast_head_json":{"title":"FREE quick home Estimate | \u00c9quipe Pierre &amp; Beverly","robots":{"index":"index","follow":"follow","max-snippet":"max-snippet:-1","max-image-preview":"max-image-preview:large","max-video-preview":"max-video-preview:-1"},"canonical":"https:\/\/courtiersimmobiliersrivenord.ca\/vendre-2\/que-vaut-votre-propriete\/","og_locale":"en_US","og_type":"article","og_title":"FREE quick home Estimate | \u00c9quipe Pierre &amp; Beverly","og_description":"FREE quick home Estimate Find out what your home is really worth! If you are thinking of selling your home, knowing what your home is worth is an important factor to consider. By providing your address and a brief description of your home, our system will conduct a thorough comparative market analysis by searching the [&hellip;]","og_url":"https:\/\/courtiersimmobiliersrivenord.ca\/vendre-2\/que-vaut-votre-propriete\/","og_site_name":"\u00c9quipe Pierre &amp; Beverly","article_publisher":"https:\/\/www.facebook.com\/equipepierreetbeverly","article_modified_time":"2021-10-26T13:57:04+00:00","og_image":[{"url":"https:\/\/courtiersimmobiliersrivenord.ca\/files\/2023\/08\/header_kamelo2022.jpg","type":"","width":"","height":""}],"twitter_card":"summary_large_image","twitter_image":"https:\/\/courtiersimmobiliersrivenord.ca\/files\/2023\/08\/header_kamelo2022.jpg","twitter_site":"@Pierre_Beverly","twitter_misc":{"Est. reading time":"1 minute"},"schema":{"@context":"https:\/\/schema.org","@graph":[{"@type":"WebPage","@id":"https:\/\/courtiersimmobiliersrivenord.ca\/vendre-2\/que-vaut-votre-propriete\/","url":"https:\/\/courtiersimmobiliersrivenord.ca\/vendre-2\/que-vaut-votre-propriete\/","name":"[:fr]Que vaut votre propri\u00e9t\u00e9 ?[:en]FREE quick home Estimate[:] | \u00c9quipe Pierre &amp; Beverly","isPartOf":{"@id":"http:\/\/courtiersimmobiliersrivenord.ca\/#website"},"datePublished":"2014-02-19T20:44:14+00:00","dateModified":"2021-10-26T13:57:04+00:00","breadcrumb":{"@id":"https:\/\/courtiersimmobiliersrivenord.ca\/vendre-2\/que-vaut-votre-propriete\/#breadcrumb"},"inLanguage":"en-US","potentialAction":[{"@type":"ReadAction","target":["https:\/\/courtiersimmobiliersrivenord.ca\/vendre-2\/que-vaut-votre-propriete\/"]}]},{"@type":"BreadcrumbList","@id":"https:\/\/courtiersimmobiliersrivenord.ca\/vendre-2\/que-vaut-votre-propriete\/#breadcrumb","itemListElement":[{"@type":"ListItem","position":1,"name":"Accueil","item":"https:\/\/courtiersimmobiliersrivenord.ca\/en\/"},{"@type":"ListItem","position":2,"name":"Vendre","item":"https:\/\/courtiersimmobiliersrivenord.ca\/vendre-2\/"},{"@type":"ListItem","position":3,"name":"Que vaut votre propri\u00e9t\u00e9 ?"}]},{"@type":"WebSite","@id":"http:\/\/courtiersimmobiliersrivenord.ca\/#website","url":"http:\/\/courtiersimmobiliersrivenord.ca\/","name":"\u00c9quipe Pierre &amp; Beverly","description":"Votre transaction immobili\u00e8re est garantie et prot\u00e9g\u00e9e avec nous! *","potentialAction":[{"@type":"SearchAction","target":{"@type":"EntryPoint","urlTemplate":"http:\/\/courtiersimmobiliersrivenord.ca\/?s={search_term_string}"},"query-input":{"@type":"PropertyValueSpecification","valueRequired":true,"valueName":"search_term_string"}}],"inLanguage":"en-US"}]}},"_links":{"self":[{"href":"https:\/\/courtiersimmobiliersrivenord.ca\/en\/wp-json\/wp\/v2\/pages\/491","targetHints":{"allow":["GET"]}}],"collection":[{"href":"https:\/\/courtiersimmobiliersrivenord.ca\/en\/wp-json\/wp\/v2\/pages"}],"about":[{"href":"https:\/\/courtiersimmobiliersrivenord.ca\/en\/wp-json\/wp\/v2\/types\/page"}],"author":[{"embeddable":true,"href":"https:\/\/courtiersimmobiliersrivenord.ca\/en\/wp-json\/wp\/v2\/users\/121"}],"replies":[{"embeddable":true,"href":"https:\/\/courtiersimmobiliersrivenord.ca\/en\/wp-json\/wp\/v2\/comments?post=491"}],"version-history":[{"count":2,"href":"https:\/\/courtiersimmobiliersrivenord.ca\/en\/wp-json\/wp\/v2\/pages\/491\/revisions"}],"predecessor-version":[{"id":736,"href":"https:\/\/courtiersimmobiliersrivenord.ca\/en\/wp-json\/wp\/v2\/pages\/491\/revisions\/736"}],"up":[{"embeddable":true,"href":"https:\/\/courtiersimmobiliersrivenord.ca\/en\/wp-json\/wp\/v2\/pages\/15"}],"wp:attachment":[{"href":"https:\/\/courtiersimmobiliersrivenord.ca\/en\/wp-json\/wp\/v2\/media?parent=491"}],"curies":[{"name":"wp","href":"https:\/\/api.w.org\/{rel}","templated":true}]}}