{"id":489,"date":"2014-02-19T15:41:37","date_gmt":"2014-02-19T20:41:37","guid":{"rendered":"http:\/\/equipepb.b.aliquando.immo\/?page_id=489"},"modified":"2015-02-10T16:10:43","modified_gmt":"2015-02-10T21:10:43","slug":"pre-approbation-hypothecaire-gratuite","status":"publish","type":"page","link":"https:\/\/courtiersimmobiliersrivenord.ca\/en\/acheter-2\/pre-approbation-hypothecaire-gratuite\/","title":{"rendered":"Mortgage Broker"},"content":{"rendered":"<p><\/p>\n<h2>Why You Should Consider A Licensed Mortgage Broker<\/h2>\n<p>-A Licensed Mortgage Broker has the resources of many lenders, including banks and mortgage companies, to offer a variety of products, with wholesale pricing;<br \/>\n-A Licensed Mortgage Broker is governed and regulated to be in compliance with all state and federal laws;<br \/>\n-A Licensed Mortgage Broker is trained and tested to measure their competency prior to receiving their license.<br \/>\n-A Licensed Mortgage Broker works for you &#8211; the client; <\/p>\n<h3>What is a Licensed Mortgage Broker?<\/h3>\n<p>The licensed person who, for a commission or a fee, brings parties together and assists in negotiating contracts between them. A firm or individual bringing the borrower and lender together and receiving a commission. A mortgage broker does not retain servicing.<br \/>\nTo find out more just fill in the form below to receive a free information package.<br \/>\n<\/p>","protected":false},"excerpt":{"rendered":"<p>Why You Should Consider A Licensed Mortgage Broker -A Licensed Mortgage Broker has the resources of many lenders, including banks and mortgage companies, to offer a variety of products, with wholesale pricing; -A Licensed Mortgage Broker is governed and regulated to be in compliance with all state and federal laws; -A Licensed Mortgage Broker is [&hellip;]<\/p>\n","protected":false},"author":121,"featured_media":0,"parent":7,"menu_order":0,"comment_status":"open","ping_status":"open","template":"","meta":{"_acf_changed":false,"footnotes":""},"class_list":["post-489","page","type-page","status-publish","hentry"],"acf":[],"yoast_head":"<!-- This site is optimized with the Yoast SEO plugin v26.7 - https:\/\/yoast.com\/wordpress\/plugins\/seo\/ -->\n<title>Mortgage Broker | \u00c9quipe Pierre &amp; Beverly<\/title>\n<meta name=\"robots\" content=\"index, follow, max-snippet:-1, max-image-preview:large, max-video-preview:-1\" \/>\n<link rel=\"canonical\" href=\"https:\/\/courtiersimmobiliersrivenord.ca\/en\/acheter-2\/pre-approbation-hypothecaire-gratuite\/\" \/>\n<meta property=\"og:locale\" content=\"en_US\" \/>\n<meta property=\"og:type\" content=\"article\" \/>\n<meta property=\"og:title\" content=\"Mortgage Broker | \u00c9quipe Pierre &amp; Beverly\" \/>\n<meta property=\"og:description\" content=\"Why You Should Consider A Licensed Mortgage Broker -A Licensed Mortgage Broker has the resources of many lenders, including banks and mortgage companies, to offer a variety of products, with wholesale pricing; -A Licensed Mortgage Broker is governed and regulated to be in compliance with all state and federal laws; -A Licensed Mortgage Broker is [&hellip;]\" \/>\n<meta property=\"og:url\" content=\"https:\/\/courtiersimmobiliersrivenord.ca\/en\/acheter-2\/pre-approbation-hypothecaire-gratuite\/\" \/>\n<meta property=\"og:site_name\" content=\"\u00c9quipe Pierre &amp; Beverly\" \/>\n<meta property=\"article:publisher\" content=\"https:\/\/www.facebook.com\/equipepierreetbeverly\" \/>\n<meta property=\"article:modified_time\" content=\"2015-02-10T21:10:43+00:00\" \/>\n<meta property=\"og:image\" content=\"https:\/\/courtiersimmobiliersrivenord.ca\/files\/2023\/08\/header_kamelo2022.jpg\" \/>\n<meta name=\"twitter:card\" content=\"summary_large_image\" \/>\n<meta name=\"twitter:image\" content=\"https:\/\/courtiersimmobiliersrivenord.ca\/files\/2023\/08\/header_kamelo2022.jpg\" \/>\n<meta name=\"twitter:site\" content=\"@Pierre_Beverly\" \/>\n<meta name=\"twitter:label1\" content=\"Est. reading time\" \/>\n\t<meta name=\"twitter:data1\" content=\"2 minutes\" \/>\n<!-- \/ Yoast SEO plugin. -->","yoast_head_json":{"title":"Mortgage Broker | \u00c9quipe Pierre &amp; Beverly","robots":{"index":"index","follow":"follow","max-snippet":"max-snippet:-1","max-image-preview":"max-image-preview:large","max-video-preview":"max-video-preview:-1"},"canonical":"https:\/\/courtiersimmobiliersrivenord.ca\/en\/acheter-2\/pre-approbation-hypothecaire-gratuite\/","og_locale":"en_US","og_type":"article","og_title":"Mortgage Broker | \u00c9quipe Pierre &amp; Beverly","og_description":"Why You Should Consider A Licensed Mortgage Broker -A Licensed Mortgage Broker has the resources of many lenders, including banks and mortgage companies, to offer a variety of products, with wholesale pricing; -A Licensed Mortgage Broker is governed and regulated to be in compliance with all state and federal laws; -A Licensed Mortgage Broker is [&hellip;]","og_url":"https:\/\/courtiersimmobiliersrivenord.ca\/en\/acheter-2\/pre-approbation-hypothecaire-gratuite\/","og_site_name":"\u00c9quipe Pierre &amp; Beverly","article_publisher":"https:\/\/www.facebook.com\/equipepierreetbeverly","article_modified_time":"2015-02-10T21:10:43+00:00","og_image":[{"url":"https:\/\/courtiersimmobiliersrivenord.ca\/files\/2023\/08\/header_kamelo2022.jpg","type":"","width":"","height":""}],"twitter_card":"summary_large_image","twitter_image":"https:\/\/courtiersimmobiliersrivenord.ca\/files\/2023\/08\/header_kamelo2022.jpg","twitter_site":"@Pierre_Beverly","twitter_misc":{"Est. reading time":"2 minutes"},"schema":{"@context":"https:\/\/schema.org","@graph":[{"@type":"WebPage","@id":"https:\/\/courtiersimmobiliersrivenord.ca\/en\/acheter-2\/pre-approbation-hypothecaire-gratuite\/","url":"https:\/\/courtiersimmobiliersrivenord.ca\/en\/acheter-2\/pre-approbation-hypothecaire-gratuite\/","name":"Pr\u00e9approbation hypoth\u00e9caire GRATUITE!Mortgage Broker | \u00c9quipe Pierre &amp; Beverly","isPartOf":{"@id":"http:\/\/courtiersimmobiliersrivenord.ca\/#website"},"datePublished":"2014-02-19T20:41:37+00:00","dateModified":"2015-02-10T21:10:43+00:00","breadcrumb":{"@id":"https:\/\/courtiersimmobiliersrivenord.ca\/en\/acheter-2\/pre-approbation-hypothecaire-gratuite\/#breadcrumb"},"inLanguage":"en-US","potentialAction":[{"@type":"ReadAction","target":["https:\/\/courtiersimmobiliersrivenord.ca\/en\/acheter-2\/pre-approbation-hypothecaire-gratuite\/"]}]},{"@type":"BreadcrumbList","@id":"https:\/\/courtiersimmobiliersrivenord.ca\/en\/acheter-2\/pre-approbation-hypothecaire-gratuite\/#breadcrumb","itemListElement":[{"@type":"ListItem","position":1,"name":"Accueil","item":"http:\/\/courtiersimmobiliersrivenord.ca\/"},{"@type":"ListItem","position":2,"name":"BUYERS","item":"https:\/\/courtiersimmobiliersrivenord.ca\/en\/acheter-2\/"},{"@type":"ListItem","position":3,"name":"Mortgage Broker"}]},{"@type":"WebSite","@id":"http:\/\/courtiersimmobiliersrivenord.ca\/#website","url":"http:\/\/courtiersimmobiliersrivenord.ca\/","name":"\u00c9quipe Pierre &amp; Beverly","description":"Votre transaction immobili\u00e8re est garantie et prot\u00e9g\u00e9e avec nous! *","potentialAction":[{"@type":"SearchAction","target":{"@type":"EntryPoint","urlTemplate":"http:\/\/courtiersimmobiliersrivenord.ca\/?s={search_term_string}"},"query-input":{"@type":"PropertyValueSpecification","valueRequired":true,"valueName":"search_term_string"}}],"inLanguage":"en-US"}]}},"_links":{"self":[{"href":"https:\/\/courtiersimmobiliersrivenord.ca\/en\/wp-json\/wp\/v2\/pages\/489","targetHints":{"allow":["GET"]}}],"collection":[{"href":"https:\/\/courtiersimmobiliersrivenord.ca\/en\/wp-json\/wp\/v2\/pages"}],"about":[{"href":"https:\/\/courtiersimmobiliersrivenord.ca\/en\/wp-json\/wp\/v2\/types\/page"}],"author":[{"embeddable":true,"href":"https:\/\/courtiersimmobiliersrivenord.ca\/en\/wp-json\/wp\/v2\/users\/121"}],"replies":[{"embeddable":true,"href":"https:\/\/courtiersimmobiliersrivenord.ca\/en\/wp-json\/wp\/v2\/comments?post=489"}],"version-history":[{"count":0,"href":"https:\/\/courtiersimmobiliersrivenord.ca\/en\/wp-json\/wp\/v2\/pages\/489\/revisions"}],"up":[{"embeddable":true,"href":"https:\/\/courtiersimmobiliersrivenord.ca\/en\/wp-json\/wp\/v2\/pages\/7"}],"wp:attachment":[{"href":"https:\/\/courtiersimmobiliersrivenord.ca\/en\/wp-json\/wp\/v2\/media?parent=489"}],"curies":[{"name":"wp","href":"https:\/\/api.w.org\/{rel}","templated":true}]}}