{"id":486,"date":"2014-02-19T15:40:01","date_gmt":"2014-02-19T20:40:01","guid":{"rendered":"http:\/\/equipepb.b.aliquando.immo\/?page_id=486"},"modified":"2018-01-18T11:51:31","modified_gmt":"2018-01-18T16:51:31","slug":"cessez-de-payer-un-loyer","status":"publish","type":"page","link":"https:\/\/courtiersimmobiliersrivenord.ca\/en\/acheter-2\/cessez-de-payer-un-loyer\/","title":{"rendered":"Don\u2019t pay another cent in Rent!"},"content":{"rendered":"<p><strong><em>&#8220;If you&#8217;re like most renters, you feel trapped within the walls of a house or apartment that doesn&#8217;t feel like yours.&#8221; <\/em><\/strong><\/p>\n<p><strong>It&#8217;s a dream we all have &#8211; to own our own home and stop paying rent. But if you&#8217;re like most renters, you feel trapped within the walls of a house or apartment that doesn&#8217;t feel like yours. How could it when you&#8217;re not even permitted to bang in a nail or two without a hassle. You feel like you&#8217;re stuck in the renter&#8217;s rut with no way of rising up out of it and owning your own home.<\/strong><\/p>\n<p><strong>Don&#8217;t feel trapped anymore <\/strong><\/p>\n<p>It doesn&#8217;t matter how long you&#8217;ve been renting, or how insurmountable your financial situation may seem. The truth is, there are some little known facts that can help you get over the hump, and transfer your status from renter to homeowner. With this information, you will begin to see how you really can:<\/p>\n<ul>\n<li>save for a down payment<\/li>\n<li>stop lining your landlord&#8217;s pockets, and<\/li>\n<li>stop wasting thousands of dollars on rent.<\/li>\n<\/ul>\n<h3>6 little known facts that can help you buy your first home<\/h3>\n<p>The problem that most renters face isn&#8217;t your ability to meet a monthly payment. Goodness knows that you must meet this monthly obligation every 30 days already. The problem is accumulating enough capital to make a down payment on something more permanent.<\/p>\n<p>But saving for this lump sum doesn&#8217;t have to be as difficult as you might think. Consider the following 6 important points:<\/p>\n<h4>1. You can buy a home with much less down than you think<\/h4>\n<p>There are some local or federal government programs (such as 1st time buyer programs) to help people get into the housing market. You can qualify as a first time buyer even if your spouse has owned a home before as long as your name was not registered. Ensure your real estate agent is informed and knowledgeable in this important area and can offer\u00a0programs to help you with your options.<\/p>\n<h4>2. You may be able to get your lender to help you with your down payment\u00a0and closing costs<\/h4>\n<p>Even if you do not have enough cash for a down payment, if you are debt free, and own an asset free and clear (such as a car for example), your lending institution may be able to lend you the down payment\u00a0for your home by securing it against this asset.<\/p>\n<h4>3. You may be able to find a seller\u00a0to help you buy and finance your home<\/h4>\n<p>Some sellers may be willing to hold a second mortgage for you as a seller take-back. In this case, the seller becomes your lending institution. Instead of paying this seller\u00a0a lump sum full amount for his or her home, you would pay monthly mortgage\u00a0installments.<\/p>\n<h4>4. You may be able to create a cash down payment\u00a0without actually going into debt<\/h4>\n<p>By borrowing money for certain investments to a specified level, you may be able to generate a significant tax refund for yourself that you can use as a down payment. While the money borrowed for these investments is technically a loan, the monthly amount paid can be small, and the money invested in both home and investment will be yours in the end.<\/p>\n<h4>5. You can buy a home even if you have problems with your credit rating<\/h4>\n<p>If you can come up with more than the minimum down payment, or can secure the loan with other equity, many lending institutions will consider you for a mortgage. Alternatively, a seller\u00a0take-back mortgage\u00a0could also help you in this situation.<\/p>\n<h4>6. You can, and should, get pre-approved for a home loan before you go looking for a home<\/h4>\n<p>Pre-approval is easy, and can give you complete peace-of-mind when shopping for your home. Mortgage\u00a0experts can obtain written pre-approval for you at no cost and no obligation, and it can all be done quite easily over-the-phone. More than just a verbal approval from your lending institution, a written pre-approval is as good as money in the bank. It entails a completed credit application, and a certificate which guarantees you a mortgage\u00a0to the specified level when you find the home you&#8217;re looking for. Consider dealing only with a professional who specializes in mortgages. Enlisting their services can make the difference between obtaining a mortgage, and being stuck in the renter&#8217;s rut forever. Typically there is no cost or obligation to enquire.<\/p>\n<p><strong>There are many important issues you should be aware of that affect you as a renter. Why on earth would you continue to lose thousands by throwing it away on rent when with your agent\u00a0you could take a few minutes to discuss your specific needs so that you can stop renting and start owning. <\/strong><\/p>\n<p><strong>This conversation costs\u00a0you nothing. And, of course, you shouldn&#8217;t have to feel obligated to buy a home at the time you review this. But by taking the time to explore your options, and learn about the ways you can afford to buy a home, think how prepared and relaxed you&#8217;ll be when you are ready to make this important step.<\/strong><\/p>","protected":false},"excerpt":{"rendered":"<p>&#8220;If you&#8217;re like most renters, you feel trapped within the walls of a house or apartment that doesn&#8217;t feel like yours.&#8221; It&#8217;s a dream we all have &#8211; to own our own home and stop paying rent. But if you&#8217;re like most renters, you feel trapped within the walls of a house or apartment that [&hellip;]<\/p>\n","protected":false},"author":121,"featured_media":0,"parent":7,"menu_order":0,"comment_status":"open","ping_status":"open","template":"","meta":{"_acf_changed":false,"footnotes":""},"class_list":["post-486","page","type-page","status-publish","hentry"],"acf":[],"yoast_head":"<!-- This site is optimized with the Yoast SEO plugin v26.7 - https:\/\/yoast.com\/wordpress\/plugins\/seo\/ -->\n<title>Don\u2019t pay another cent in Rent! | \u00c9quipe Pierre &amp; Beverly<\/title>\n<meta name=\"robots\" content=\"index, follow, max-snippet:-1, max-image-preview:large, max-video-preview:-1\" \/>\n<link rel=\"canonical\" href=\"https:\/\/courtiersimmobiliersrivenord.ca\/acheter-2\/cessez-de-payer-un-loyer\/\" \/>\n<meta property=\"og:locale\" content=\"en_US\" \/>\n<meta property=\"og:type\" content=\"article\" \/>\n<meta property=\"og:title\" content=\"Don\u2019t pay another cent in Rent! | \u00c9quipe Pierre &amp; Beverly\" \/>\n<meta property=\"og:description\" content=\"&#8220;If you&#8217;re like most renters, you feel trapped within the walls of a house or apartment that doesn&#8217;t feel like yours.&#8221; It&#8217;s a dream we all have &#8211; to own our own home and stop paying rent. But if you&#8217;re like most renters, you feel trapped within the walls of a house or apartment that [&hellip;]\" \/>\n<meta property=\"og:url\" content=\"https:\/\/courtiersimmobiliersrivenord.ca\/acheter-2\/cessez-de-payer-un-loyer\/\" \/>\n<meta property=\"og:site_name\" content=\"\u00c9quipe Pierre &amp; Beverly\" \/>\n<meta property=\"article:publisher\" content=\"https:\/\/www.facebook.com\/equipepierreetbeverly\" \/>\n<meta property=\"article:modified_time\" content=\"2018-01-18T16:51:31+00:00\" \/>\n<meta property=\"og:image\" content=\"https:\/\/courtiersimmobiliersrivenord.ca\/files\/2023\/08\/header_kamelo2022.jpg\" \/>\n<meta name=\"twitter:card\" content=\"summary_large_image\" \/>\n<meta name=\"twitter:image\" content=\"https:\/\/courtiersimmobiliersrivenord.ca\/files\/2023\/08\/header_kamelo2022.jpg\" \/>\n<meta name=\"twitter:site\" content=\"@Pierre_Beverly\" \/>\n<meta name=\"twitter:label1\" content=\"Est. reading time\" \/>\n\t<meta name=\"twitter:data1\" content=\"5 minutes\" \/>\n<!-- \/ Yoast SEO plugin. -->","yoast_head_json":{"title":"Don\u2019t pay another cent in Rent! | \u00c9quipe Pierre &amp; Beverly","robots":{"index":"index","follow":"follow","max-snippet":"max-snippet:-1","max-image-preview":"max-image-preview:large","max-video-preview":"max-video-preview:-1"},"canonical":"https:\/\/courtiersimmobiliersrivenord.ca\/acheter-2\/cessez-de-payer-un-loyer\/","og_locale":"en_US","og_type":"article","og_title":"Don\u2019t pay another cent in Rent! | \u00c9quipe Pierre &amp; Beverly","og_description":"&#8220;If you&#8217;re like most renters, you feel trapped within the walls of a house or apartment that doesn&#8217;t feel like yours.&#8221; It&#8217;s a dream we all have &#8211; to own our own home and stop paying rent. But if you&#8217;re like most renters, you feel trapped within the walls of a house or apartment that [&hellip;]","og_url":"https:\/\/courtiersimmobiliersrivenord.ca\/acheter-2\/cessez-de-payer-un-loyer\/","og_site_name":"\u00c9quipe Pierre &amp; Beverly","article_publisher":"https:\/\/www.facebook.com\/equipepierreetbeverly","article_modified_time":"2018-01-18T16:51:31+00:00","og_image":[{"url":"https:\/\/courtiersimmobiliersrivenord.ca\/files\/2023\/08\/header_kamelo2022.jpg","type":"","width":"","height":""}],"twitter_card":"summary_large_image","twitter_image":"https:\/\/courtiersimmobiliersrivenord.ca\/files\/2023\/08\/header_kamelo2022.jpg","twitter_site":"@Pierre_Beverly","twitter_misc":{"Est. reading time":"5 minutes"},"schema":{"@context":"https:\/\/schema.org","@graph":[{"@type":"WebPage","@id":"https:\/\/courtiersimmobiliersrivenord.ca\/acheter-2\/cessez-de-payer-un-loyer\/","url":"https:\/\/courtiersimmobiliersrivenord.ca\/acheter-2\/cessez-de-payer-un-loyer\/","name":"[:fr]Cessez de payer un loyer[:en]Don\u2019t pay another cent in Rent![:] | \u00c9quipe Pierre &amp; Beverly","isPartOf":{"@id":"http:\/\/courtiersimmobiliersrivenord.ca\/#website"},"datePublished":"2014-02-19T20:40:01+00:00","dateModified":"2018-01-18T16:51:31+00:00","breadcrumb":{"@id":"https:\/\/courtiersimmobiliersrivenord.ca\/acheter-2\/cessez-de-payer-un-loyer\/#breadcrumb"},"inLanguage":"en-US","potentialAction":[{"@type":"ReadAction","target":["https:\/\/courtiersimmobiliersrivenord.ca\/acheter-2\/cessez-de-payer-un-loyer\/"]}]},{"@type":"BreadcrumbList","@id":"https:\/\/courtiersimmobiliersrivenord.ca\/acheter-2\/cessez-de-payer-un-loyer\/#breadcrumb","itemListElement":[{"@type":"ListItem","position":1,"name":"Accueil","item":"http:\/\/courtiersimmobiliersrivenord.ca\/"},{"@type":"ListItem","position":2,"name":"BUYERS","item":"https:\/\/courtiersimmobiliersrivenord.ca\/en\/acheter-2\/"},{"@type":"ListItem","position":3,"name":"Cessez de payer un loyer"}]},{"@type":"WebSite","@id":"http:\/\/courtiersimmobiliersrivenord.ca\/#website","url":"http:\/\/courtiersimmobiliersrivenord.ca\/","name":"\u00c9quipe Pierre &amp; Beverly","description":"Votre transaction immobili\u00e8re est garantie et prot\u00e9g\u00e9e avec nous! *","potentialAction":[{"@type":"SearchAction","target":{"@type":"EntryPoint","urlTemplate":"http:\/\/courtiersimmobiliersrivenord.ca\/?s={search_term_string}"},"query-input":{"@type":"PropertyValueSpecification","valueRequired":true,"valueName":"search_term_string"}}],"inLanguage":"en-US"}]}},"_links":{"self":[{"href":"https:\/\/courtiersimmobiliersrivenord.ca\/en\/wp-json\/wp\/v2\/pages\/486","targetHints":{"allow":["GET"]}}],"collection":[{"href":"https:\/\/courtiersimmobiliersrivenord.ca\/en\/wp-json\/wp\/v2\/pages"}],"about":[{"href":"https:\/\/courtiersimmobiliersrivenord.ca\/en\/wp-json\/wp\/v2\/types\/page"}],"author":[{"embeddable":true,"href":"https:\/\/courtiersimmobiliersrivenord.ca\/en\/wp-json\/wp\/v2\/users\/121"}],"replies":[{"embeddable":true,"href":"https:\/\/courtiersimmobiliersrivenord.ca\/en\/wp-json\/wp\/v2\/comments?post=486"}],"version-history":[{"count":1,"href":"https:\/\/courtiersimmobiliersrivenord.ca\/en\/wp-json\/wp\/v2\/pages\/486\/revisions"}],"predecessor-version":[{"id":735,"href":"https:\/\/courtiersimmobiliersrivenord.ca\/en\/wp-json\/wp\/v2\/pages\/486\/revisions\/735"}],"up":[{"embeddable":true,"href":"https:\/\/courtiersimmobiliersrivenord.ca\/en\/wp-json\/wp\/v2\/pages\/7"}],"wp:attachment":[{"href":"https:\/\/courtiersimmobiliersrivenord.ca\/en\/wp-json\/wp\/v2\/media?parent=486"}],"curies":[{"name":"wp","href":"https:\/\/api.w.org\/{rel}","templated":true}]}}