{"id":446,"date":"2013-10-24T15:21:07","date_gmt":"2013-10-24T19:21:07","guid":{"rendered":"http:\/\/via_capitale.aliquando.id-3.net\/?page_id=380"},"modified":"2019-12-06T15:44:16","modified_gmt":"2019-12-06T20:44:16","slug":"alerte-immobiliere","status":"publish","type":"page","link":"https:\/\/courtiersimmobiliersrivenord.ca\/en\/outils-immobiliers\/alerte-immobiliere\/","title":{"rendered":"Market Alert"},"content":{"rendered":"<p>&nbsp;<\/p>\n<p><\/p>","protected":false},"excerpt":{"rendered":"<p>&nbsp;<\/p>\n","protected":false},"author":121,"featured_media":0,"parent":226,"menu_order":0,"comment_status":"open","ping_status":"open","template":"t_tools_market_alert.php","meta":{"_acf_changed":false,"footnotes":""},"class_list":["post-446","page","type-page","status-publish","hentry"],"acf":[],"yoast_head":"<!-- This site is optimized with the Yoast SEO plugin v26.7 - https:\/\/yoast.com\/wordpress\/plugins\/seo\/ -->\n<title>Market Alert | \u00c9quipe Pierre &amp; Beverly<\/title>\n<meta name=\"robots\" content=\"index, follow, max-snippet:-1, max-image-preview:large, max-video-preview:-1\" \/>\n<link rel=\"canonical\" href=\"https:\/\/courtiersimmobiliersrivenord.ca\/en\/outils-immobiliers\/alerte-immobiliere\/\" \/>\n<meta property=\"og:locale\" content=\"en_US\" \/>\n<meta property=\"og:type\" content=\"article\" \/>\n<meta property=\"og:title\" content=\"Market Alert | \u00c9quipe Pierre &amp; Beverly\" \/>\n<meta property=\"og:description\" content=\"&nbsp;\" \/>\n<meta property=\"og:url\" content=\"https:\/\/courtiersimmobiliersrivenord.ca\/en\/outils-immobiliers\/alerte-immobiliere\/\" \/>\n<meta property=\"og:site_name\" content=\"\u00c9quipe Pierre &amp; Beverly\" \/>\n<meta property=\"article:publisher\" content=\"https:\/\/www.facebook.com\/equipepierreetbeverly\" \/>\n<meta property=\"article:modified_time\" content=\"2019-12-06T20:44:16+00:00\" \/>\n<meta property=\"og:image\" content=\"https:\/\/courtiersimmobiliersrivenord.ca\/files\/2023\/08\/header_kamelo2022.jpg\" \/>\n<meta name=\"twitter:card\" content=\"summary_large_image\" \/>\n<meta name=\"twitter:image\" content=\"https:\/\/courtiersimmobiliersrivenord.ca\/files\/2023\/08\/header_kamelo2022.jpg\" \/>\n<meta name=\"twitter:site\" content=\"@Pierre_Beverly\" \/>\n<!-- \/ Yoast SEO plugin. -->","yoast_head_json":{"title":"Market Alert | \u00c9quipe Pierre &amp; Beverly","robots":{"index":"index","follow":"follow","max-snippet":"max-snippet:-1","max-image-preview":"max-image-preview:large","max-video-preview":"max-video-preview:-1"},"canonical":"https:\/\/courtiersimmobiliersrivenord.ca\/en\/outils-immobiliers\/alerte-immobiliere\/","og_locale":"en_US","og_type":"article","og_title":"Market Alert | \u00c9quipe Pierre &amp; Beverly","og_description":"&nbsp;","og_url":"https:\/\/courtiersimmobiliersrivenord.ca\/en\/outils-immobiliers\/alerte-immobiliere\/","og_site_name":"\u00c9quipe Pierre &amp; Beverly","article_publisher":"https:\/\/www.facebook.com\/equipepierreetbeverly","article_modified_time":"2019-12-06T20:44:16+00:00","og_image":[{"url":"https:\/\/courtiersimmobiliersrivenord.ca\/files\/2023\/08\/header_kamelo2022.jpg","type":"","width":"","height":""}],"twitter_card":"summary_large_image","twitter_image":"https:\/\/courtiersimmobiliersrivenord.ca\/files\/2023\/08\/header_kamelo2022.jpg","twitter_site":"@Pierre_Beverly","schema":{"@context":"https:\/\/schema.org","@graph":[{"@type":"WebPage","@id":"https:\/\/courtiersimmobiliersrivenord.ca\/en\/outils-immobiliers\/alerte-immobiliere\/","url":"https:\/\/courtiersimmobiliersrivenord.ca\/en\/outils-immobiliers\/alerte-immobiliere\/","name":"[:fr]Alerte immobili\u00e8re[:en]Market Alert[:] | \u00c9quipe Pierre &amp; Beverly","isPartOf":{"@id":"http:\/\/courtiersimmobiliersrivenord.ca\/#website"},"datePublished":"2013-10-24T19:21:07+00:00","dateModified":"2019-12-06T20:44:16+00:00","breadcrumb":{"@id":"https:\/\/courtiersimmobiliersrivenord.ca\/en\/outils-immobiliers\/alerte-immobiliere\/#breadcrumb"},"inLanguage":"en-US","potentialAction":[{"@type":"ReadAction","target":["https:\/\/courtiersimmobiliersrivenord.ca\/en\/outils-immobiliers\/alerte-immobiliere\/"]}]},{"@type":"BreadcrumbList","@id":"https:\/\/courtiersimmobiliersrivenord.ca\/en\/outils-immobiliers\/alerte-immobiliere\/#breadcrumb","itemListElement":[{"@type":"ListItem","position":1,"name":"Accueil","item":"http:\/\/courtiersimmobiliersrivenord.ca\/"},{"@type":"ListItem","position":2,"name":"Tools","item":"https:\/\/courtiersimmobiliersrivenord.ca\/en\/outils-immobiliers\/"},{"@type":"ListItem","position":3,"name":"Market Alert"}]},{"@type":"WebSite","@id":"http:\/\/courtiersimmobiliersrivenord.ca\/#website","url":"http:\/\/courtiersimmobiliersrivenord.ca\/","name":"\u00c9quipe Pierre &amp; Beverly","description":"Votre transaction immobili\u00e8re est garantie et prot\u00e9g\u00e9e avec nous! *","potentialAction":[{"@type":"SearchAction","target":{"@type":"EntryPoint","urlTemplate":"http:\/\/courtiersimmobiliersrivenord.ca\/?s={search_term_string}"},"query-input":{"@type":"PropertyValueSpecification","valueRequired":true,"valueName":"search_term_string"}}],"inLanguage":"en-US"}]}},"_links":{"self":[{"href":"https:\/\/courtiersimmobiliersrivenord.ca\/en\/wp-json\/wp\/v2\/pages\/446","targetHints":{"allow":["GET"]}}],"collection":[{"href":"https:\/\/courtiersimmobiliersrivenord.ca\/en\/wp-json\/wp\/v2\/pages"}],"about":[{"href":"https:\/\/courtiersimmobiliersrivenord.ca\/en\/wp-json\/wp\/v2\/types\/page"}],"author":[{"embeddable":true,"href":"https:\/\/courtiersimmobiliersrivenord.ca\/en\/wp-json\/wp\/v2\/users\/121"}],"replies":[{"embeddable":true,"href":"https:\/\/courtiersimmobiliersrivenord.ca\/en\/wp-json\/wp\/v2\/comments?post=446"}],"version-history":[{"count":2,"href":"https:\/\/courtiersimmobiliersrivenord.ca\/en\/wp-json\/wp\/v2\/pages\/446\/revisions"}],"predecessor-version":[{"id":852,"href":"https:\/\/courtiersimmobiliersrivenord.ca\/en\/wp-json\/wp\/v2\/pages\/446\/revisions\/852"}],"up":[{"embeddable":true,"href":"https:\/\/courtiersimmobiliersrivenord.ca\/en\/wp-json\/wp\/v2\/pages\/226"}],"wp:attachment":[{"href":"https:\/\/courtiersimmobiliersrivenord.ca\/en\/wp-json\/wp\/v2\/media?parent=446"}],"curies":[{"name":"wp","href":"https:\/\/api.w.org\/{rel}","templated":true}]}}