{"id":34,"date":"2012-05-22T20:45:12","date_gmt":"2012-05-22T20:45:12","guid":{"rendered":"http:\/\/aliquando.id-3.net\/?page_id=34"},"modified":"2023-01-25T15:55:32","modified_gmt":"2023-01-25T20:55:32","slug":"nous-contacter","status":"publish","type":"page","link":"https:\/\/courtiersimmobiliersrivenord.ca\/en\/nous-contacter\/","title":{"rendered":"Contact us"},"content":{"rendered":"","protected":false},"excerpt":{"rendered":"","protected":false},"author":1,"featured_media":0,"parent":0,"menu_order":95,"comment_status":"open","ping_status":"closed","template":"t_contact.php","meta":{"_acf_changed":false,"footnotes":""},"class_list":["post-34","page","type-page","status-publish","hentry"],"acf":[],"yoast_head":"<!-- This site is optimized with the Yoast SEO plugin v26.7 - https:\/\/yoast.com\/wordpress\/plugins\/seo\/ -->\n<title>VIA CAPITALE 280-A Boul Seigneurie Ouest, Blainville, J7C 5A1<\/title>\n<meta name=\"description\" content=\"North Shore Real Estate Brokers Office 280-A Seigneurie Blvd West, Blainville, J7C 5A1 Telephone: 514-236-6282.\" \/>\n<meta name=\"robots\" content=\"index, follow, max-snippet:-1, max-image-preview:large, max-video-preview:-1\" \/>\n<link rel=\"canonical\" href=\"https:\/\/courtiersimmobiliersrivenord.ca\/en\/nous-contacter\/\" \/>\n<meta property=\"og:locale\" content=\"en_US\" \/>\n<meta property=\"og:type\" content=\"article\" \/>\n<meta property=\"og:title\" content=\"VIA CAPITALE 280-A Boul Seigneurie Ouest, Blainville, J7C 5A1\" \/>\n<meta property=\"og:description\" content=\"North Shore Real Estate Brokers Office 280-A Seigneurie Blvd West, Blainville, J7C 5A1 Telephone: 514-236-6282.\" \/>\n<meta property=\"og:url\" content=\"https:\/\/courtiersimmobiliersrivenord.ca\/en\/nous-contacter\/\" \/>\n<meta property=\"og:site_name\" content=\"\u00c9quipe Pierre &amp; Beverly\" \/>\n<meta property=\"article:publisher\" content=\"https:\/\/www.facebook.com\/equipepierreetbeverly\" \/>\n<meta property=\"article:modified_time\" content=\"2023-01-25T20:55:32+00:00\" \/>\n<meta property=\"og:image\" content=\"https:\/\/courtiersimmobiliersrivenord.ca\/files\/2023\/08\/header_kamelo2022.jpg\" \/>\n<meta name=\"twitter:card\" content=\"summary_large_image\" \/>\n<meta name=\"twitter:image\" content=\"https:\/\/courtiersimmobiliersrivenord.ca\/files\/2023\/08\/header_kamelo2022.jpg\" \/>\n<meta name=\"twitter:site\" content=\"@Pierre_Beverly\" \/>\n<!-- \/ Yoast SEO plugin. -->","yoast_head_json":{"title":"VIA CAPITALE 280-A Boul Seigneurie Ouest, Blainville, J7C 5A1","description":"North Shore Real Estate Brokers Office 280-A Seigneurie Blvd West, Blainville, J7C 5A1 Telephone: 514-236-6282.","robots":{"index":"index","follow":"follow","max-snippet":"max-snippet:-1","max-image-preview":"max-image-preview:large","max-video-preview":"max-video-preview:-1"},"canonical":"https:\/\/courtiersimmobiliersrivenord.ca\/en\/nous-contacter\/","og_locale":"en_US","og_type":"article","og_title":"VIA CAPITALE 280-A Boul Seigneurie Ouest, Blainville, J7C 5A1","og_description":"North Shore Real Estate Brokers Office 280-A Seigneurie Blvd West, Blainville, J7C 5A1 Telephone: 514-236-6282.","og_url":"https:\/\/courtiersimmobiliersrivenord.ca\/en\/nous-contacter\/","og_site_name":"\u00c9quipe Pierre &amp; Beverly","article_publisher":"https:\/\/www.facebook.com\/equipepierreetbeverly","article_modified_time":"2023-01-25T20:55:32+00:00","og_image":[{"url":"https:\/\/courtiersimmobiliersrivenord.ca\/files\/2023\/08\/header_kamelo2022.jpg","type":"","width":"","height":""}],"twitter_card":"summary_large_image","twitter_image":"https:\/\/courtiersimmobiliersrivenord.ca\/files\/2023\/08\/header_kamelo2022.jpg","twitter_site":"@Pierre_Beverly","schema":{"@context":"https:\/\/schema.org","@graph":[{"@type":"WebPage","@id":"https:\/\/courtiersimmobiliersrivenord.ca\/en\/nous-contacter\/","url":"https:\/\/courtiersimmobiliersrivenord.ca\/en\/nous-contacter\/","name":"VIA CAPITALE 280-A Boul Seigneurie Ouest, Blainville, J7C 5A1","isPartOf":{"@id":"http:\/\/courtiersimmobiliersrivenord.ca\/#website"},"datePublished":"2012-05-22T20:45:12+00:00","dateModified":"2023-01-25T20:55:32+00:00","description":"North Shore Real Estate Brokers Office 280-A Seigneurie Blvd West, Blainville, J7C 5A1 Telephone: 514-236-6282.","breadcrumb":{"@id":"https:\/\/courtiersimmobiliersrivenord.ca\/en\/nous-contacter\/#breadcrumb"},"inLanguage":"en-US","potentialAction":[{"@type":"ReadAction","target":["https:\/\/courtiersimmobiliersrivenord.ca\/en\/nous-contacter\/"]}]},{"@type":"BreadcrumbList","@id":"https:\/\/courtiersimmobiliersrivenord.ca\/en\/nous-contacter\/#breadcrumb","itemListElement":[{"@type":"ListItem","position":1,"name":"Accueil","item":"http:\/\/courtiersimmobiliersrivenord.ca\/"},{"@type":"ListItem","position":2,"name":"Contact us"}]},{"@type":"WebSite","@id":"http:\/\/courtiersimmobiliersrivenord.ca\/#website","url":"http:\/\/courtiersimmobiliersrivenord.ca\/","name":"\u00c9quipe Pierre &amp; Beverly","description":"Votre transaction immobili\u00e8re est garantie et prot\u00e9g\u00e9e avec nous! *","potentialAction":[{"@type":"SearchAction","target":{"@type":"EntryPoint","urlTemplate":"http:\/\/courtiersimmobiliersrivenord.ca\/?s={search_term_string}"},"query-input":{"@type":"PropertyValueSpecification","valueRequired":true,"valueName":"search_term_string"}}],"inLanguage":"en-US"}]}},"_links":{"self":[{"href":"https:\/\/courtiersimmobiliersrivenord.ca\/en\/wp-json\/wp\/v2\/pages\/34","targetHints":{"allow":["GET"]}}],"collection":[{"href":"https:\/\/courtiersimmobiliersrivenord.ca\/en\/wp-json\/wp\/v2\/pages"}],"about":[{"href":"https:\/\/courtiersimmobiliersrivenord.ca\/en\/wp-json\/wp\/v2\/types\/page"}],"author":[{"embeddable":true,"href":"https:\/\/courtiersimmobiliersrivenord.ca\/en\/wp-json\/wp\/v2\/users\/1"}],"replies":[{"embeddable":true,"href":"https:\/\/courtiersimmobiliersrivenord.ca\/en\/wp-json\/wp\/v2\/comments?post=34"}],"version-history":[{"count":2,"href":"https:\/\/courtiersimmobiliersrivenord.ca\/en\/wp-json\/wp\/v2\/pages\/34\/revisions"}],"predecessor-version":[{"id":1523,"href":"https:\/\/courtiersimmobiliersrivenord.ca\/en\/wp-json\/wp\/v2\/pages\/34\/revisions\/1523"}],"wp:attachment":[{"href":"https:\/\/courtiersimmobiliersrivenord.ca\/en\/wp-json\/wp\/v2\/media?parent=34"}],"curies":[{"name":"wp","href":"https:\/\/api.w.org\/{rel}","templated":true}]}}