{"id":28,"date":"2012-05-22T20:43:52","date_gmt":"2012-05-23T00:43:52","guid":{"rendered":"http:\/\/aliquando.id-3.net\/?page_id=28"},"modified":"2023-03-17T16:25:07","modified_gmt":"2023-03-17T20:25:07","slug":"nos-proprietes","status":"publish","type":"page","link":"https:\/\/courtiersimmobiliersrivenord.ca\/en\/nos-proprietes\/","title":{"rendered":"Our Properties"},"content":{"rendered":"","protected":false},"excerpt":{"rendered":"","protected":false},"author":1,"featured_media":0,"parent":0,"menu_order":10,"comment_status":"open","ping_status":"closed","template":"page-templates\/advanced_page.php","meta":{"_acf_changed":false,"footnotes":""},"class_list":["post-28","page","type-page","status-publish","hentry"],"acf":[],"yoast_head":"<!-- This site is optimized with the Yoast SEO plugin v26.7 - https:\/\/yoast.com\/wordpress\/plugins\/seo\/ -->\n<title>Maison \u00e0 vendre | Condo \u00e0 vendre | Courtiers immobiliers Rive-Nord<\/title>\n<meta name=\"description\" content=\"Maison \u00e0 vendre \u2013 Condo \u00e0 vendre : Blainville, Boisbriand, Sainte-Th\u00e9r\u00e8se, Rosem\u00e8re et Mirabel - Courtiers immobiliers Rive-Nord. Info: 514-236-6282.\" \/>\n<meta name=\"robots\" content=\"index, follow, max-snippet:-1, max-image-preview:large, max-video-preview:-1\" \/>\n<link rel=\"canonical\" href=\"https:\/\/courtiersimmobiliersrivenord.ca\/nos-proprietes\/\" \/>\n<meta property=\"og:locale\" content=\"en_US\" \/>\n<meta property=\"og:type\" content=\"article\" \/>\n<meta property=\"og:title\" content=\"Maison \u00e0 vendre | Condo \u00e0 vendre | Courtiers immobiliers Rive-Nord\" \/>\n<meta property=\"og:description\" content=\"Maison \u00e0 vendre \u2013 Condo \u00e0 vendre : Blainville, Boisbriand, Sainte-Th\u00e9r\u00e8se, Rosem\u00e8re et Mirabel - Courtiers immobiliers Rive-Nord. Info: 514-236-6282.\" \/>\n<meta property=\"og:url\" content=\"https:\/\/courtiersimmobiliersrivenord.ca\/nos-proprietes\/\" \/>\n<meta property=\"og:site_name\" content=\"\u00c9quipe Pierre &amp; Beverly\" \/>\n<meta property=\"article:publisher\" content=\"https:\/\/www.facebook.com\/equipepierreetbeverly\" \/>\n<meta property=\"article:modified_time\" content=\"2023-03-17T20:25:07+00:00\" \/>\n<meta property=\"og:image\" content=\"https:\/\/courtiersimmobiliersrivenord.ca\/files\/2023\/08\/header_kamelo2022.jpg\" \/>\n<meta name=\"twitter:card\" content=\"summary_large_image\" \/>\n<meta name=\"twitter:image\" content=\"https:\/\/courtiersimmobiliersrivenord.ca\/files\/2023\/08\/header_kamelo2022.jpg\" \/>\n<meta name=\"twitter:site\" content=\"@Pierre_Beverly\" \/>\n<!-- \/ Yoast SEO plugin. -->","yoast_head_json":{"title":"Maison \u00e0 vendre | Condo \u00e0 vendre | Courtiers immobiliers Rive-Nord","description":"Maison \u00e0 vendre \u2013 Condo \u00e0 vendre : Blainville, Boisbriand, Sainte-Th\u00e9r\u00e8se, Rosem\u00e8re et Mirabel - Courtiers immobiliers Rive-Nord. Info: 514-236-6282.","robots":{"index":"index","follow":"follow","max-snippet":"max-snippet:-1","max-image-preview":"max-image-preview:large","max-video-preview":"max-video-preview:-1"},"canonical":"https:\/\/courtiersimmobiliersrivenord.ca\/nos-proprietes\/","og_locale":"en_US","og_type":"article","og_title":"Maison \u00e0 vendre | Condo \u00e0 vendre | Courtiers immobiliers Rive-Nord","og_description":"Maison \u00e0 vendre \u2013 Condo \u00e0 vendre : Blainville, Boisbriand, Sainte-Th\u00e9r\u00e8se, Rosem\u00e8re et Mirabel - Courtiers immobiliers Rive-Nord. Info: 514-236-6282.","og_url":"https:\/\/courtiersimmobiliersrivenord.ca\/nos-proprietes\/","og_site_name":"\u00c9quipe Pierre &amp; Beverly","article_publisher":"https:\/\/www.facebook.com\/equipepierreetbeverly","article_modified_time":"2023-03-17T20:25:07+00:00","og_image":[{"url":"https:\/\/courtiersimmobiliersrivenord.ca\/files\/2023\/08\/header_kamelo2022.jpg","type":"","width":"","height":""}],"twitter_card":"summary_large_image","twitter_image":"https:\/\/courtiersimmobiliersrivenord.ca\/files\/2023\/08\/header_kamelo2022.jpg","twitter_site":"@Pierre_Beverly","schema":{"@context":"https:\/\/schema.org","@graph":[{"@type":"WebPage","@id":"https:\/\/courtiersimmobiliersrivenord.ca\/nos-proprietes\/","url":"https:\/\/courtiersimmobiliersrivenord.ca\/nos-proprietes\/","name":"Maison \u00e0 vendre | Condo \u00e0 vendre | Courtiers immobiliers Rive-Nord","isPartOf":{"@id":"http:\/\/courtiersimmobiliersrivenord.ca\/#website"},"datePublished":"2012-05-23T00:43:52+00:00","dateModified":"2023-03-17T20:25:07+00:00","description":"Maison \u00e0 vendre \u2013 Condo \u00e0 vendre : Blainville, Boisbriand, Sainte-Th\u00e9r\u00e8se, Rosem\u00e8re et Mirabel - Courtiers immobiliers Rive-Nord. Info: 514-236-6282.","breadcrumb":{"@id":"https:\/\/courtiersimmobiliersrivenord.ca\/nos-proprietes\/#breadcrumb"},"inLanguage":"en-US","potentialAction":[{"@type":"ReadAction","target":["https:\/\/courtiersimmobiliersrivenord.ca\/nos-proprietes\/"]}]},{"@type":"BreadcrumbList","@id":"https:\/\/courtiersimmobiliersrivenord.ca\/nos-proprietes\/#breadcrumb","itemListElement":[{"@type":"ListItem","position":1,"name":"Accueil","item":"http:\/\/courtiersimmobiliersrivenord.ca\/"},{"@type":"ListItem","position":2,"name":"Nos propri\u00e9t\u00e9s"}]},{"@type":"WebSite","@id":"http:\/\/courtiersimmobiliersrivenord.ca\/#website","url":"http:\/\/courtiersimmobiliersrivenord.ca\/","name":"\u00c9quipe Pierre &amp; Beverly","description":"Votre transaction immobili\u00e8re est garantie et prot\u00e9g\u00e9e avec nous! *","potentialAction":[{"@type":"SearchAction","target":{"@type":"EntryPoint","urlTemplate":"http:\/\/courtiersimmobiliersrivenord.ca\/?s={search_term_string}"},"query-input":{"@type":"PropertyValueSpecification","valueRequired":true,"valueName":"search_term_string"}}],"inLanguage":"en-US"}]}},"_links":{"self":[{"href":"https:\/\/courtiersimmobiliersrivenord.ca\/en\/wp-json\/wp\/v2\/pages\/28","targetHints":{"allow":["GET"]}}],"collection":[{"href":"https:\/\/courtiersimmobiliersrivenord.ca\/en\/wp-json\/wp\/v2\/pages"}],"about":[{"href":"https:\/\/courtiersimmobiliersrivenord.ca\/en\/wp-json\/wp\/v2\/types\/page"}],"author":[{"embeddable":true,"href":"https:\/\/courtiersimmobiliersrivenord.ca\/en\/wp-json\/wp\/v2\/users\/1"}],"replies":[{"embeddable":true,"href":"https:\/\/courtiersimmobiliersrivenord.ca\/en\/wp-json\/wp\/v2\/comments?post=28"}],"version-history":[{"count":2,"href":"https:\/\/courtiersimmobiliersrivenord.ca\/en\/wp-json\/wp\/v2\/pages\/28\/revisions"}],"predecessor-version":[{"id":1835,"href":"https:\/\/courtiersimmobiliersrivenord.ca\/en\/wp-json\/wp\/v2\/pages\/28\/revisions\/1835"}],"wp:attachment":[{"href":"https:\/\/courtiersimmobiliersrivenord.ca\/en\/wp-json\/wp\/v2\/media?parent=28"}],"curies":[{"name":"wp","href":"https:\/\/api.w.org\/{rel}","templated":true}]}}