{"id":1457,"date":"2022-08-01T08:38:13","date_gmt":"2022-08-01T12:38:13","guid":{"rendered":"https:\/\/courtiersimmobiliersrivenord.ca\/?page_id=1457"},"modified":"2025-09-18T13:10:53","modified_gmt":"2025-09-18T17:10:53","slug":"courtier-immobilier-blainville","status":"publish","type":"page","link":"https:\/\/courtiersimmobiliersrivenord.ca\/en\/nos-proprietes\/courtier-immobilier-blainville\/","title":{"rendered":"Blainville"},"content":{"rendered":"","protected":false},"excerpt":{"rendered":"","protected":false},"author":121,"featured_media":1743,"parent":28,"menu_order":0,"comment_status":"closed","ping_status":"closed","template":"page-templates\/advanced_page.php","meta":{"_acf_changed":false,"footnotes":""},"class_list":["post-1457","page","type-page","status-publish","hentry"],"acf":[],"yoast_head":"<!-- This site is optimized with the Yoast SEO plugin v26.7 - https:\/\/yoast.com\/wordpress\/plugins\/seo\/ -->\n<title>Courtier immobilier Blainville | \u00c9quipe Pierre &amp; Beverly | Via Capitale<\/title>\n<meta name=\"description\" content=\"Pour vendre ou acheter une propri\u00e9t\u00e9 \u00e0 Blainville, appelez Pierre F. Legault et Beverly Rowe, courtiers immobiliers Via Capitale au : (514) 236-6282.\" \/>\n<meta name=\"robots\" content=\"index, follow, max-snippet:-1, max-image-preview:large, max-video-preview:-1\" \/>\n<link rel=\"canonical\" href=\"https:\/\/courtiersimmobiliersrivenord.ca\/nos-proprietes\/courtier-immobilier-blainville\/\" \/>\n<meta property=\"og:locale\" content=\"en_US\" \/>\n<meta property=\"og:type\" content=\"article\" \/>\n<meta property=\"og:title\" content=\"Courtier immobilier Blainville | \u00c9quipe Pierre &amp; Beverly\" \/>\n<meta property=\"og:description\" content=\"Pour vendre ou acheter une propri\u00e9t\u00e9 \u00e0 Blainville, appelez Pierre F. Legault et Beverly Rowe, courtiers immobiliers Via Capitale au : (514) 236-6282.\" \/>\n<meta property=\"og:url\" content=\"https:\/\/courtiersimmobiliersrivenord.ca\/nos-proprietes\/courtier-immobilier-blainville\/\" \/>\n<meta property=\"og:site_name\" content=\"\u00c9quipe Pierre &amp; Beverly\" \/>\n<meta property=\"article:publisher\" content=\"https:\/\/www.facebook.com\/equipepierreetbeverly\" \/>\n<meta property=\"article:modified_time\" content=\"2025-09-18T17:10:53+00:00\" \/>\n<meta property=\"og:image\" content=\"https:\/\/courtiersimmobiliersrivenord.ca\/files\/2023\/02\/Pierre-et-Beverly-courtierd-immobliers.jpg\" \/><meta property=\"og:image\" content=\"https:\/\/courtiersimmobiliersrivenord.ca\/files\/2023\/02\/Courtier-immobilier-Blainville.jpg\" \/>\n\t<meta property=\"og:image:width\" content=\"828\" \/>\n\t<meta property=\"og:image:height\" content=\"755\" \/>\n\t<meta property=\"og:image:type\" content=\"image\/jpeg\" \/>\n<meta name=\"twitter:card\" content=\"summary_large_image\" \/>\n<meta name=\"twitter:title\" content=\"Courtier immobilier Blainville | \u00c9quipe Pierre &amp; Beverly\" \/>\n<meta name=\"twitter:description\" content=\"Pour vendre ou acheter une propri\u00e9t\u00e9 \u00e0 Blainville, appelez Pierre F. Legault et Beverly Rowe, courtiers immobiliers Via Capitale au : (514) 236-6282.\" \/>\n<meta name=\"twitter:image\" content=\"https:\/\/courtiersimmobiliersrivenord.ca\/files\/2023\/02\/Courtier-immobilier-Blainville.jpg\" \/>\n<meta name=\"twitter:site\" content=\"@Pierre_Beverly\" \/>\n<!-- \/ Yoast SEO plugin. -->","yoast_head_json":{"title":"Courtier immobilier Blainville | \u00c9quipe Pierre & Beverly | Via Capitale","description":"Pour vendre ou acheter une propri\u00e9t\u00e9 \u00e0 Blainville, appelez Pierre F. Legault et Beverly Rowe, courtiers immobiliers Via Capitale au : (514) 236-6282.","robots":{"index":"index","follow":"follow","max-snippet":"max-snippet:-1","max-image-preview":"max-image-preview:large","max-video-preview":"max-video-preview:-1"},"canonical":"https:\/\/courtiersimmobiliersrivenord.ca\/nos-proprietes\/courtier-immobilier-blainville\/","og_locale":"en_US","og_type":"article","og_title":"Courtier immobilier Blainville | \u00c9quipe Pierre & Beverly","og_description":"Pour vendre ou acheter une propri\u00e9t\u00e9 \u00e0 Blainville, appelez Pierre F. Legault et Beverly Rowe, courtiers immobiliers Via Capitale au : (514) 236-6282.","og_url":"https:\/\/courtiersimmobiliersrivenord.ca\/nos-proprietes\/courtier-immobilier-blainville\/","og_site_name":"\u00c9quipe Pierre &amp; Beverly","article_publisher":"https:\/\/www.facebook.com\/equipepierreetbeverly","article_modified_time":"2025-09-18T17:10:53+00:00","og_image":[{"url":"https:\/\/courtiersimmobiliersrivenord.ca\/files\/2023\/02\/Pierre-et-Beverly-courtierd-immobliers.jpg","type":"","width":"","height":""},{"width":828,"height":755,"url":"https:\/\/courtiersimmobiliersrivenord.ca\/files\/2023\/02\/Courtier-immobilier-Blainville.jpg","type":"image\/jpeg"}],"twitter_card":"summary_large_image","twitter_title":"Courtier immobilier Blainville | \u00c9quipe Pierre & Beverly","twitter_description":"Pour vendre ou acheter une propri\u00e9t\u00e9 \u00e0 Blainville, appelez Pierre F. Legault et Beverly Rowe, courtiers immobiliers Via Capitale au : (514) 236-6282.","twitter_image":"https:\/\/courtiersimmobiliersrivenord.ca\/files\/2023\/02\/Courtier-immobilier-Blainville.jpg","twitter_site":"@Pierre_Beverly","schema":{"@context":"https:\/\/schema.org","@graph":[{"@type":"Article","@id":"https:\/\/courtiersimmobiliersrivenord.ca\/nos-proprietes\/courtier-immobilier-blainville\/#article","isPartOf":{"@id":"https:\/\/courtiersimmobiliersrivenord.ca\/nos-proprietes\/courtier-immobilier-blainville\/"},"author":{"name":"id3tech","@id":"http:\/\/courtiersimmobiliersrivenord.ca\/#\/schema\/person\/1401fdd695e3c07a364b0a942f914432"},"headline":"Blainville","datePublished":"2022-08-01T12:38:13+00:00","dateModified":"2025-09-18T17:10:53+00:00","mainEntityOfPage":{"@id":"https:\/\/courtiersimmobiliersrivenord.ca\/nos-proprietes\/courtier-immobilier-blainville\/"},"wordCount":1,"image":{"@id":"https:\/\/courtiersimmobiliersrivenord.ca\/nos-proprietes\/courtier-immobilier-blainville\/#primaryimage"},"thumbnailUrl":"https:\/\/courtiersimmobiliersrivenord.ca\/files\/2023\/02\/Pierre-et-Beverly-courtierd-immobliers.jpg","inLanguage":"en-US"},{"@type":["WebPage","RealEstateListing"],"@id":"https:\/\/courtiersimmobiliersrivenord.ca\/nos-proprietes\/courtier-immobilier-blainville\/","url":"https:\/\/courtiersimmobiliersrivenord.ca\/nos-proprietes\/courtier-immobilier-blainville\/","name":"Courtier immobilier Blainville | \u00c9quipe Pierre & Beverly | Via Capitale","isPartOf":{"@id":"http:\/\/courtiersimmobiliersrivenord.ca\/#website"},"primaryImageOfPage":{"@id":"https:\/\/courtiersimmobiliersrivenord.ca\/nos-proprietes\/courtier-immobilier-blainville\/#primaryimage"},"image":{"@id":"https:\/\/courtiersimmobiliersrivenord.ca\/nos-proprietes\/courtier-immobilier-blainville\/#primaryimage"},"thumbnailUrl":"https:\/\/courtiersimmobiliersrivenord.ca\/files\/2023\/02\/Pierre-et-Beverly-courtierd-immobliers.jpg","datePublished":"2022-08-01T12:38:13+00:00","dateModified":"2025-09-18T17:10:53+00:00","description":"Pour vendre ou acheter une propri\u00e9t\u00e9 \u00e0 Blainville, appelez Pierre F. Legault et Beverly Rowe, courtiers immobiliers Via Capitale au : (514) 236-6282.","breadcrumb":{"@id":"https:\/\/courtiersimmobiliersrivenord.ca\/nos-proprietes\/courtier-immobilier-blainville\/#breadcrumb"},"inLanguage":"en-US","potentialAction":[{"@type":"ReadAction","target":["https:\/\/courtiersimmobiliersrivenord.ca\/nos-proprietes\/courtier-immobilier-blainville\/"]}]},{"@type":"ImageObject","inLanguage":"en-US","@id":"https:\/\/courtiersimmobiliersrivenord.ca\/nos-proprietes\/courtier-immobilier-blainville\/#primaryimage","url":"https:\/\/courtiersimmobiliersrivenord.ca\/files\/2023\/02\/Pierre-et-Beverly-courtierd-immobliers.jpg","contentUrl":"https:\/\/courtiersimmobiliersrivenord.ca\/files\/2023\/02\/Pierre-et-Beverly-courtierd-immobliers.jpg","width":1200,"height":628,"caption":"Pierre et Beverly courtiers immobiliers Rive-Nord"},{"@type":"BreadcrumbList","@id":"https:\/\/courtiersimmobiliersrivenord.ca\/nos-proprietes\/courtier-immobilier-blainville\/#breadcrumb","itemListElement":[{"@type":"ListItem","position":1,"name":"Accueil","item":"http:\/\/courtiersimmobiliersrivenord.ca\/"},{"@type":"ListItem","position":2,"name":"Nos propri\u00e9t\u00e9s","item":"https:\/\/courtiersimmobiliersrivenord.ca\/nos-proprietes\/"},{"@type":"ListItem","position":3,"name":"Blainville"}]},{"@type":"WebSite","@id":"http:\/\/courtiersimmobiliersrivenord.ca\/#website","url":"http:\/\/courtiersimmobiliersrivenord.ca\/","name":"\u00c9quipe Pierre &amp; Beverly","description":"Votre transaction immobili\u00e8re est garantie et prot\u00e9g\u00e9e avec nous! *","potentialAction":[{"@type":"SearchAction","target":{"@type":"EntryPoint","urlTemplate":"http:\/\/courtiersimmobiliersrivenord.ca\/?s={search_term_string}"},"query-input":{"@type":"PropertyValueSpecification","valueRequired":true,"valueName":"search_term_string"}}],"inLanguage":"en-US"},{"@type":"Person","@id":"http:\/\/courtiersimmobiliersrivenord.ca\/#\/schema\/person\/1401fdd695e3c07a364b0a942f914432","name":"id3tech","image":{"@type":"ImageObject","inLanguage":"en-US","@id":"http:\/\/courtiersimmobiliersrivenord.ca\/#\/schema\/person\/image\/","url":"https:\/\/secure.gravatar.com\/avatar\/ed4063ef12d7d2c6506f9a43422a1e20a4863a62e50d6d9dab981bea03ba030d?s=96&d=mm&r=g","contentUrl":"https:\/\/secure.gravatar.com\/avatar\/ed4063ef12d7d2c6506f9a43422a1e20a4863a62e50d6d9dab981bea03ba030d?s=96&d=mm&r=g","caption":"id3tech"},"url":"https:\/\/courtiersimmobiliersrivenord.ca\/en\/author\/id3tech\/"}]}},"_links":{"self":[{"href":"https:\/\/courtiersimmobiliersrivenord.ca\/en\/wp-json\/wp\/v2\/pages\/1457","targetHints":{"allow":["GET"]}}],"collection":[{"href":"https:\/\/courtiersimmobiliersrivenord.ca\/en\/wp-json\/wp\/v2\/pages"}],"about":[{"href":"https:\/\/courtiersimmobiliersrivenord.ca\/en\/wp-json\/wp\/v2\/types\/page"}],"author":[{"embeddable":true,"href":"https:\/\/courtiersimmobiliersrivenord.ca\/en\/wp-json\/wp\/v2\/users\/121"}],"replies":[{"embeddable":true,"href":"https:\/\/courtiersimmobiliersrivenord.ca\/en\/wp-json\/wp\/v2\/comments?post=1457"}],"version-history":[{"count":2,"href":"https:\/\/courtiersimmobiliersrivenord.ca\/en\/wp-json\/wp\/v2\/pages\/1457\/revisions"}],"predecessor-version":[{"id":2464,"href":"https:\/\/courtiersimmobiliersrivenord.ca\/en\/wp-json\/wp\/v2\/pages\/1457\/revisions\/2464"}],"up":[{"embeddable":true,"href":"https:\/\/courtiersimmobiliersrivenord.ca\/en\/wp-json\/wp\/v2\/pages\/28"}],"wp:featuredmedia":[{"embeddable":true,"href":"https:\/\/courtiersimmobiliersrivenord.ca\/en\/wp-json\/wp\/v2\/media\/1743"}],"wp:attachment":[{"href":"https:\/\/courtiersimmobiliersrivenord.ca\/en\/wp-json\/wp\/v2\/media?parent=1457"}],"curies":[{"name":"wp","href":"https:\/\/api.w.org\/{rel}","templated":true}]}}